{"id":114,"date":"2026-01-30T10:31:19","date_gmt":"2026-01-30T10:31:19","guid":{"rendered":"https:\/\/stelladracconis.fi\/?page_id=114"},"modified":"2026-02-02T12:43:15","modified_gmt":"2026-02-02T12:43:15","slug":"mita-psykoterapia-on","status":"publish","type":"page","link":"https:\/\/stelladracconis.fi\/?page_id=114","title":{"rendered":"Mit\u00e4 psykoterapia on?"},"content":{"rendered":"\n<div class=\"wp-block-group alignfull has-accent-2-background-color has-background has-global-padding is-layout-constrained wp-container-core-group-is-layout-669513ed wp-block-group-is-layout-constrained\" style=\"margin-top:0;margin-bottom:0;padding-top:var(--wp--preset--spacing--50);padding-right:var(--wp--preset--spacing--50);padding-bottom:var(--wp--preset--spacing--50);padding-left:var(--wp--preset--spacing--50)\">\n<div class=\"wp-block-columns alignwide is-layout-flex wp-container-core-columns-is-layout-28f84493 wp-block-columns-is-layout-flex\">\n<div class=\"wp-block-column is-layout-flow wp-block-column-is-layout-flow\" style=\"flex-basis:40%\">\n<p class=\"wp-container-content-0733e5d0\">stelladracconis.fi \u2014 psykoterapia &amp; ty\u00f6nohjaus<\/p>\n<\/div>\n\n\n\n<div class=\"wp-block-column is-layout-flow wp-block-column-is-layout-flow\" style=\"flex-basis:60%\">\n<p class=\"has-heading-font-family has-large-font-size\" style=\"line-height:1.2\">Psykoterapia on tavoitteellista muutokseen pyrkiv\u00e4\u00e4 kahden tai useamman ihmisen yhteisty\u00f6lle perustuvaa toimintaa, jossa keskeist\u00e4 on poistaa tai lievitt\u00e4\u00e4 psyykkisi\u00e4 ongelmia ja niihin liittyv\u00e4\u00e4 k\u00e4rsimyst\u00e4.<\/p>\n<\/div>\n<\/div>\n\n\n\n<div style=\"height:var(--wp--preset--spacing--40)\" aria-hidden=\"true\" class=\"wp-block-spacer\"><\/div>\n\n\n\n<figure class=\"wp-block-image alignwide size-large is-style-rounded is-style-rounded--1\"><img loading=\"lazy\" decoding=\"async\" width=\"1024\" height=\"680\" src=\"https:\/\/stelladracconis.fi\/wp-content\/uploads\/2026\/01\/hiroshi-tsubono-vvlOywtv3Yo-unsplash-1024x680.jpg\" alt=\"Photo by Hiroshi Tsubono on Unsplash\" class=\"wp-image-8\" srcset=\"https:\/\/stelladracconis.fi\/wp-content\/uploads\/2026\/01\/hiroshi-tsubono-vvlOywtv3Yo-unsplash-1024x680.jpg 1024w, https:\/\/stelladracconis.fi\/wp-content\/uploads\/2026\/01\/hiroshi-tsubono-vvlOywtv3Yo-unsplash-300x199.jpg 300w, https:\/\/stelladracconis.fi\/wp-content\/uploads\/2026\/01\/hiroshi-tsubono-vvlOywtv3Yo-unsplash-768x510.jpg 768w, https:\/\/stelladracconis.fi\/wp-content\/uploads\/2026\/01\/hiroshi-tsubono-vvlOywtv3Yo-unsplash-1536x1020.jpg 1536w, https:\/\/stelladracconis.fi\/wp-content\/uploads\/2026\/01\/hiroshi-tsubono-vvlOywtv3Yo-unsplash-2048x1361.jpg 2048w\" sizes=\"auto, (max-width: 1024px) 100vw, 1024px\" \/><figcaption class=\"wp-element-caption\">Photo by Hiroshi Tsubono on Unsplash<\/figcaption><\/figure>\n<\/div>\n\n\n\n<div class=\"wp-block-group alignfull has-base-background-color has-background has-global-padding is-layout-constrained wp-container-core-group-is-layout-d89aad35 wp-block-group-is-layout-constrained\" style=\"margin-top:0;margin-bottom:0;padding-top:var(--wp--preset--spacing--50);padding-right:var(--wp--preset--spacing--50);padding-bottom:var(--wp--preset--spacing--50);padding-left:var(--wp--preset--spacing--50)\">\n<div class=\"wp-block-columns alignwide is-layout-flex wp-container-core-columns-is-layout-549b0c86 wp-block-columns-is-layout-flex\">\n<div class=\"wp-block-column has-global-padding is-content-justification-left is-layout-constrained wp-container-core-column-is-layout-4f15e8fe wp-block-column-is-layout-constrained\" style=\"flex-basis:40%\">\n<p style=\"font-style:italic;font-weight:300\">Psykoterapia on psykologista hoitoa ja kuntoutusta.<\/p>\n<\/div>\n\n\n\n<div class=\"wp-block-column is-layout-flow wp-container-core-column-is-layout-119bc444 wp-block-column-is-layout-flow\" style=\"flex-basis:60%\">\n<p class=\"has-heading-font-family has-large-font-size\" style=\"line-height:1.2\">Psykoterapia rakentuu koulutetun psykoterapeutin ja asiakkaan v\u00e4liselle luottamukselliselle ja turvalliselle yhteisty\u00f6suhteelle.<\/p>\n\n\n\n<div class=\"wp-block-columns is-layout-flex wp-container-core-columns-is-layout-87beb0d0 wp-block-columns-is-layout-flex\">\n<div class=\"wp-block-column is-layout-flow wp-block-column-is-layout-flow\">\n<p class=\"wp-container-content-9cfa9a5a\">Psykoterapia on tieteelliseen tutkimukseen perustuvaa psykologista hoitoa ja kuntoutusta, joka rakentuu koulutetun psykoterapeutin ja asiakkaan v\u00e4liselle luottamukselliselle ja turvalliselle yhteisty\u00f6suhteelle. Psykoterapia on tavoitteellista muutokseen pyrkiv\u00e4\u00e4 toimintaa, jossa keskeist\u00e4 on poistaa tai lievitt\u00e4\u00e4 psyykkisi\u00e4 ongelmia ja niihin liittyv\u00e4\u00e4 k\u00e4rsimyst\u00e4 mm. lis\u00e4\u00e4m\u00e4ll\u00e4 itsetuntemusta ja &#8211; ymm\u00e4rryst\u00e4, edist\u00e4m\u00e4ll\u00e4 kyky\u00e4 k\u00e4sitell\u00e4 vaikeita el\u00e4m\u00e4ntapahtumia ja tunteita sek\u00e4 etsim\u00e4ll\u00e4 ja l\u00f6yt\u00e4m\u00e4ll\u00e4 keinoja ratkaista ongelmallisia tilanteita el\u00e4m\u00e4ss\u00e4 ja ihmissuhteissa.<\/p>\n\n\n\n<p>Psykoterapia k\u00e4sitt\u00e4\u00e4 laajasti erilaisia terapeuttisia suuntauksia ja menetelmi\u00e4, joissa ty\u00f6skentelyn tarkastelu painottuu vaihdellen mieleen, kehoon ja niiden v\u00e4liseen suhteeseen. Psykoterapiassa ty\u00f6skentely perustuu yleens\u00e4 keskusteluun, mutta hoidossa voidaan hy\u00f6dynt\u00e4\u00e4 eri painotuksin my\u00f6s toiminnallisia menetelmi\u00e4, kuten kehollista ty\u00f6skentely\u00e4, kuvallista ilmaisua, kirjoittamista tai visualisointia esimerkiksi tietoisuustaito-orientoituneissa harjoituksissa (mindfulness).<\/p>\n\n\n\n<p><\/p>\n<\/div>\n\n\n\n<div class=\"wp-block-column is-layout-flow wp-block-column-is-layout-flow\">\n<p>Terapia voi olla yksil\u00f6-, ryhm\u00e4-, perhe- tai paripsykoterapiaa. Yksi yksil\u00f6psykoterapia-tapaaminen kest\u00e4\u00e4 kerrallaan n. 45\u201360 minuuttia. Ryhm\u00e4-, perhe- ja paripsykoterapian kesto voi olla pidempi. Psykoterapiassa k\u00e4yntitiheys on tarpeen mukaan 1\u20132 kertaa viikossa tai joissain tapauksissa harvemmin, varsinkin ryhm\u00e4-, perhe- ja paripsykoterapiassa. <\/p>\n\n\n\n<p>Psykoterapiaprosessit voivat olla lyhyit\u00e4, enimmill\u00e4\u00e4n 20-25 tapaamista sis\u00e4lt\u00e4vi\u00e4, tiettyyn rajattuun liev\u00e4\u00e4n tai keskivaikeaan pulmaan keskittyvi\u00e4 jaksoja ns. lyhytpsykoterapioita tai pitk\u00e4aikaisten mielenpulmien ja -rakenteiden sek\u00e4 autonomisen hermoston toiminnan muutoksiin t\u00e4ht\u00e4\u00e4v\u00e4\u00e4 pitk\u00e4kestoista, vuosien mittaista hoitoa.<\/p>\n\n\n\n<p>Psykoterapiaa voidaan toteuttaa hyvinvointialueen j\u00e4rjest\u00e4m\u00e4n\u00e4 omana toimintana, ostopalveluna tai Kelan tukemana. Terapia voi toteutua my\u00f6s ty\u00f6terveyshuollon kautta, vakuutuksen turvin tai potilaan itse maksamana.<\/p>\n\n\n\n<details class=\"wp-block-details is-layout-flow wp-block-details-is-layout-flow\"><summary>Lis\u00e4tietoa psykoterapiasta:<\/summary>\n<p><a href=\"https:\/\/www.kaypahoito.fi\/ykt00862\">Aikuisten psykoterapiat &#8211; K\u00e4yp\u00e4 hoito<\/a><br><a href=\"https:\/\/www.terveyskirjasto.fi\/dlk01311\">Psykoterapian aloittaminen &#8211; Terveyskirjasto<\/a><\/p>\n<\/details>\n\n\n\n<p><\/p>\n<\/div>\n<\/div>\n<\/div>\n<\/div>\n<\/div>\n\n\n\n<div class=\"wp-block-cover alignfull has-parallax\" style=\"padding-top:var(--wp--preset--spacing--50);padding-right:var(--wp--preset--spacing--50);padding-bottom:var(--wp--preset--spacing--50);padding-left:var(--wp--preset--spacing--50);min-height:100vh;aspect-ratio:unset;\"><div role=\"img\" aria-label=\"Photo by Nousnou Iwasaki on Unsplash\" class=\"wp-block-cover__image-background wp-image-116 size-large has-parallax\" style=\"background-position:50% 50%;background-image:url(https:\/\/stelladracconis.fi\/wp-content\/uploads\/2026\/01\/nousnou-iwasaki-aPfmYpPt40U-unsplash-1024x768.jpg)\"><\/div><span aria-hidden=\"true\" class=\"wp-block-cover__background has-base-background-color has-background-dim-0 has-background-dim\"><\/span><div class=\"wp-block-cover__inner-container has-global-padding is-layout-constrained wp-container-core-cover-is-layout-e4fd886c wp-block-cover-is-layout-constrained\">\n<div style=\"height:500px\" aria-hidden=\"true\" class=\"wp-block-spacer\"><\/div>\n<\/div><\/div>\n\n\n\n<div class=\"wp-block-group alignfull has-base-2-background-color has-background has-global-padding is-layout-constrained wp-container-core-group-is-layout-7cd14b77 wp-block-group-is-layout-constrained\" style=\"margin-top:0;margin-bottom:0;padding-top:var(--wp--preset--spacing--60);padding-right:var(--wp--preset--spacing--60);padding-bottom:var(--wp--preset--spacing--60);padding-left:var(--wp--preset--spacing--60)\">\n<div class=\"wp-block-group alignwide is-layout-flow wp-block-group-is-layout-flow\">\n<div style=\"height:var(--wp--preset--spacing--50)\" aria-hidden=\"true\" class=\"wp-block-spacer\"><\/div>\n\n\n\n<p class=\"has-text-align-center has-heading-font-family has-large-font-size\" style=\"font-style:normal;font-weight:400;line-height:1.2\"><em>Psykoterapeutti yhteisty\u00f6ss\u00e4 asiakkaan kanssa etsii ne polut, jotka edist\u00e4v\u00e4t parhaiten muutosta kohti ehe\u00e4mp\u00e4\u00e4 kehomielen tasapainoa ja psyykkist\u00e4 toimintakyky\u00e4. <\/em><\/p>\n\n\n\n<div style=\"height:var(--wp--preset--spacing--50)\" aria-hidden=\"true\" class=\"wp-block-spacer\"><\/div>\n<\/div>\n<\/div>\n\n\n\n<div class=\"wp-block-group alignfull has-base-2-color has-contrast-background-color has-text-color has-background has-link-color wp-elements-1c92ec8e2eae201c03ae788d296d9e64 has-global-padding is-layout-constrained wp-container-core-group-is-layout-facafb6f wp-block-group-is-layout-constrained\" style=\"margin-top:0;margin-bottom:0;padding-top:var(--wp--preset--spacing--50);padding-right:var(--wp--preset--spacing--50);padding-bottom:var(--wp--preset--spacing--50);padding-left:var(--wp--preset--spacing--50)\">\n<div class=\"wp-block-columns alignwide is-layout-flex wp-container-core-columns-is-layout-d1c656ed wp-block-columns-is-layout-flex\">\n<div class=\"wp-block-column is-vertically-aligned-stretch is-layout-flow wp-block-column-is-layout-flow\" style=\"padding-right:0;flex-basis:60%\">\n<div class=\"wp-block-group is-vertical is-content-justification-stretch is-layout-flex wp-container-core-group-is-layout-ae24f51d wp-block-group-is-layout-flex\" style=\"min-height:100%\">\n<figure class=\"wp-block-image size-large is-style-rounded is-style-rounded--2\"><img loading=\"lazy\" decoding=\"async\" width=\"683\" height=\"1024\" src=\"https:\/\/stelladracconis.fi\/wp-content\/uploads\/2026\/01\/daniel-burka-facU72FcKBI-unsplash-683x1024.jpg\" alt=\"\" class=\"wp-image-117\" style=\"aspect-ratio:9\/16;object-fit:cover\" srcset=\"https:\/\/stelladracconis.fi\/wp-content\/uploads\/2026\/01\/daniel-burka-facU72FcKBI-unsplash-683x1024.jpg 683w, https:\/\/stelladracconis.fi\/wp-content\/uploads\/2026\/01\/daniel-burka-facU72FcKBI-unsplash-200x300.jpg 200w, https:\/\/stelladracconis.fi\/wp-content\/uploads\/2026\/01\/daniel-burka-facU72FcKBI-unsplash-768x1152.jpg 768w, https:\/\/stelladracconis.fi\/wp-content\/uploads\/2026\/01\/daniel-burka-facU72FcKBI-unsplash-1024x1536.jpg 1024w, https:\/\/stelladracconis.fi\/wp-content\/uploads\/2026\/01\/daniel-burka-facU72FcKBI-unsplash-1365x2048.jpg 1365w, https:\/\/stelladracconis.fi\/wp-content\/uploads\/2026\/01\/daniel-burka-facU72FcKBI-unsplash-scaled.jpg 1707w\" sizes=\"auto, (max-width: 683px) 100vw, 683px\" \/><figcaption class=\"wp-element-caption\">Photo by Daniel Burka on Unsplash<\/figcaption><\/figure>\n\n\n\n<h2 class=\"wp-block-heading has-base-2-color has-text-color has-link-color has-body-font-family has-x-large-font-size wp-elements-2b875d78e6aa4b067145e9ca2a2de906\" style=\"font-style:italic;font-weight:400\">Traumapsykoterapia<\/h2>\n\n\n\n<p class=\"has-body-font-family has-medium-font-size\" style=\"font-style:italic;font-weight:400\">Traumapsykoterapiassa turvallisuus on aina ensisijaista. Turvallisuuden tunteen saavuttamiseksi on psykoterapeutin toiminta &#8211; rauhallisuus, my\u00f6t\u00e4tunto, tuomitsemattomuus, johdonmukaisuus, pitk\u00e4j\u00e4nteisyys sek\u00e4 kehollinen ett\u00e4 mielellinen l\u00e4sn\u00e4olo &#8211;  ratkaisevassa roolissa. Turvallisuuden kokemus voidaan jakaa psykologiseen, sosiaaliseen, fyysiseen sek\u00e4 moraaliseen turvallisuuteen. <\/p>\n<\/div>\n<\/div>\n\n\n\n<div class=\"wp-block-column is-layout-flow wp-block-column-is-layout-flow\" style=\"flex-basis:40%\">\n<div class=\"wp-block-group has-global-padding is-layout-constrained wp-block-group-is-layout-constrained\">\n<h2 class=\"wp-block-heading has-base-2-color has-text-color has-link-color has-body-font-family has-large-font-size wp-elements-f6ef8cc2951b00da66e4d0e85ec5de3c\" style=\"font-style:italic;font-weight:400\">Trauman todellisuuteen liittyy rajojen rikkomista sek\u00e4 omaehtoisten toimintamahdollisuuksien ja itses\u00e4\u00e4telykyvyn menett\u00e4mist\u00e4 &#8211; valtaosa traumatisoitumisesta tapahtuu ihmissuhteissa. Kun traumasta k\u00e4rsiv\u00e4t ihmiset toipuvat ja oppivat orientoitumaan tietoisten tai tiedostamattomien kehoreaktioina ilmenevien traumamuistojen sijaan uudelleen nykyhetkeen, he voivat reagoida aistimiinsa uhkiin l\u00f6yt\u00e4m\u00e4ll\u00e4 menetetyn kykyns\u00e4 aktiiviseen puolustautumiseen ja itsesuojeluun, terveiden rajojen asettamiseen sek\u00e4  omasta hyvinvoinnistaan huolehtimiseen. (Bessel A. Van der Kolk)<\/h2>\n\n\n\n<div style=\"height:var(--wp--preset--spacing--40)\" aria-hidden=\"true\" class=\"wp-block-spacer\"><\/div>\n\n\n\n<div class=\"wp-block-group is-layout-flow wp-block-group-is-layout-flow\">\n<p class=\"has-body-font-family has-medium-font-size\" style=\"font-style:italic;font-weight:400\">Traumapsykoterapiassa keskityt\u00e4\u00e4n usein siihen, miten traumaattinen menneisyys vaikuttaa kunkin tapaan ymm\u00e4rt\u00e4\u00e4 itsens\u00e4 ja ymp\u00e4rist\u00f6ns\u00e4 sek\u00e4 siihen, millaisena kukin n\u00e4kee maailmasuhteensa. Terapeutin teht\u00e4v\u00e4 t\u00e4ss\u00e4 prosessissa on tukea vastavuoroisessa suhteessa asiakkaan itsetietoisuutta ja itses\u00e4\u00e4tely\u00e4. (Bessel A. Van der Kolk)<\/p>\n\n\n\n<figure class=\"wp-block-image size-large is-style-rounded is-style-rounded--3\"><img loading=\"lazy\" decoding=\"async\" width=\"819\" height=\"1024\" src=\"https:\/\/stelladracconis.fi\/wp-content\/uploads\/2026\/01\/leo-wieling-A41RDv4xoMI-unsplash-819x1024.jpg\" alt=\"\" class=\"wp-image-118\" style=\"aspect-ratio:9\/16;object-fit:cover\" srcset=\"https:\/\/stelladracconis.fi\/wp-content\/uploads\/2026\/01\/leo-wieling-A41RDv4xoMI-unsplash-819x1024.jpg 819w, https:\/\/stelladracconis.fi\/wp-content\/uploads\/2026\/01\/leo-wieling-A41RDv4xoMI-unsplash-240x300.jpg 240w, https:\/\/stelladracconis.fi\/wp-content\/uploads\/2026\/01\/leo-wieling-A41RDv4xoMI-unsplash-768x960.jpg 768w, https:\/\/stelladracconis.fi\/wp-content\/uploads\/2026\/01\/leo-wieling-A41RDv4xoMI-unsplash-1229x1536.jpg 1229w, https:\/\/stelladracconis.fi\/wp-content\/uploads\/2026\/01\/leo-wieling-A41RDv4xoMI-unsplash-1638x2048.jpg 1638w, https:\/\/stelladracconis.fi\/wp-content\/uploads\/2026\/01\/leo-wieling-A41RDv4xoMI-unsplash-scaled.jpg 2048w\" sizes=\"auto, (max-width: 819px) 100vw, 819px\" \/><figcaption class=\"wp-element-caption\">Photo by Leo Wieling on Unsplash<\/figcaption><\/figure>\n<\/div>\n<\/div>\n<\/div>\n<\/div>\n<\/div>\n\n\n\n<p><\/p>\n\n\n<div class=\"is-default-size wp-block-site-logo\"><a href=\"https:\/\/stelladracconis.fi\/\" class=\"custom-logo-link\" rel=\"home\"><img loading=\"lazy\" decoding=\"async\" width=\"500\" height=\"500\" src=\"https:\/\/stelladracconis.fi\/wp-content\/uploads\/2026\/01\/Kopio-mallista-Kopio-mallista-Kopio-mallista-Kopio-mallista-Stella-dragonis-2.png\" class=\"custom-logo\" alt=\"Psykoterapia ja Ty\u00f6nohjaus Lohik\u00e4\u00e4rmeen T\u00e4hti | Stella Dracconis\" srcset=\"https:\/\/stelladracconis.fi\/wp-content\/uploads\/2026\/01\/Kopio-mallista-Kopio-mallista-Kopio-mallista-Kopio-mallista-Stella-dragonis-2.png 500w, https:\/\/stelladracconis.fi\/wp-content\/uploads\/2026\/01\/Kopio-mallista-Kopio-mallista-Kopio-mallista-Kopio-mallista-Stella-dragonis-2-300x300.png 300w, https:\/\/stelladracconis.fi\/wp-content\/uploads\/2026\/01\/Kopio-mallista-Kopio-mallista-Kopio-mallista-Kopio-mallista-Stella-dragonis-2-150x150.png 150w\" sizes=\"auto, (max-width: 500px) 100vw, 500px\" \/><\/a><\/div>\n\n<h1 class=\"wp-block-site-title\"><a href=\"https:\/\/stelladracconis.fi\" target=\"_self\" rel=\"home\">Psykoterapia ja Ty\u00f6nohjaus Lohik\u00e4\u00e4rmeen T\u00e4hti | Stella Dracconis<\/a><\/h1>\n\n\n<p><\/p>\n","protected":false},"excerpt":{"rendered":"<p>stelladracconis.fi \u2014 psykoterapia &amp; ty\u00f6nohjaus Psykoterapia on tavoitteellista muutokseen pyrkiv\u00e4\u00e4 kahden tai useamman ihmisen yhteisty\u00f6lle perustuvaa toimintaa, jossa keskeist\u00e4 on poistaa tai lievitt\u00e4\u00e4 psyykkisi\u00e4 ongelmia ja niihin liittyv\u00e4\u00e4 k\u00e4rsimyst\u00e4. Psykoterapia on psykologista hoitoa ja kuntoutusta. Psykoterapia rakentuu koulutetun psykoterapeutin ja asiakkaan v\u00e4liselle luottamukselliselle ja turvalliselle yhteisty\u00f6suhteelle. Psykoterapia on tieteelliseen tutkimukseen perustuvaa psykologista hoitoa ja kuntoutusta, [&hellip;]<\/p>\n","protected":false},"author":1,"featured_media":0,"parent":2,"menu_order":0,"comment_status":"closed","ping_status":"closed","template":"","meta":{"footnotes":""},"class_list":["post-114","page","type-page","status-publish","hentry"],"_links":{"self":[{"href":"https:\/\/stelladracconis.fi\/index.php?rest_route=\/wp\/v2\/pages\/114","targetHints":{"allow":["GET"]}}],"collection":[{"href":"https:\/\/stelladracconis.fi\/index.php?rest_route=\/wp\/v2\/pages"}],"about":[{"href":"https:\/\/stelladracconis.fi\/index.php?rest_route=\/wp\/v2\/types\/page"}],"author":[{"embeddable":true,"href":"https:\/\/stelladracconis.fi\/index.php?rest_route=\/wp\/v2\/users\/1"}],"replies":[{"embeddable":true,"href":"https:\/\/stelladracconis.fi\/index.php?rest_route=%2Fwp%2Fv2%2Fcomments&post=114"}],"version-history":[{"count":15,"href":"https:\/\/stelladracconis.fi\/index.php?rest_route=\/wp\/v2\/pages\/114\/revisions"}],"predecessor-version":[{"id":162,"href":"https:\/\/stelladracconis.fi\/index.php?rest_route=\/wp\/v2\/pages\/114\/revisions\/162"}],"up":[{"embeddable":true,"href":"https:\/\/stelladracconis.fi\/index.php?rest_route=\/wp\/v2\/pages\/2"}],"wp:attachment":[{"href":"https:\/\/stelladracconis.fi\/index.php?rest_route=%2Fwp%2Fv2%2Fmedia&parent=114"}],"curies":[{"name":"wp","href":"https:\/\/api.w.org\/{rel}","templated":true}]}}